{"id":457,"date":"2015-09-28T04:54:28","date_gmt":"2015-09-28T02:54:28","guid":{"rendered":"http:\/\/aragvi.hu\/hu\/?page_id=457"},"modified":"2025-12-14T01:21:33","modified_gmt":"2025-12-14T00:21:33","slug":"rendezvenyek","status":"publish","type":"page","link":"https:\/\/aragvi.hu\/hu\/rendezvenyek\/","title":{"rendered":"Rendezvenyek"},"content":{"rendered":"<h5 class=\"header-divider\">Rendezv\u00e9nyek? N\u00e1lunk megtal\u00e1lod az ide\u00e1lis rendezv\u00e9nyhelysz\u00ednt!<\/h5>\n<p>Rendezv\u00e9nyeid lebonyol\u00edt\u00e1s\u00e1hoz ide\u00e1lis budapesti helysz\u00ednt biztos\u00edtunk. Keress benn\u00fcnket bizalommal, ha esk\u00fcv\u0151, c\u00e9ges rendezv\u00e9ny, \u00fcnnepi rendezv\u00e9ny, \u00fcnnepi vacsora, oszt\u00e1lytal\u00e1lkoz\u00f3, sz\u00fclet\u00e9snap, konferencia, sajt\u00f3esem\u00e9ny lebonyol\u00edt\u00e1s\u00e1hoz keresed a legalkalmasabb helysz\u00ednt!<\/p>\n<p>Gr\u00faziai \u00e9telk\u00fcl\u00f6nlegess\u00e9gek sz\u00e9les v\u00e1laszt\u00e9ka, valamint munkat\u00e1rsaink el\u0151z\u00e9kenys\u00e9ge \u00e9s tapasztalata teszi feledhetetlenn\u00e9 sz\u00e1motokra a k\u00fcl\u00f6nleges esem\u00e9nyt! Hideg el\u0151\u00e9telekkel, finoms\u00e1gokkal teli asztalokkal v\u00e1runk benneteket!<\/p>\n<p>A nagyobbik rendezv\u00e9nyterm\u00fcnk 60 f\u0151 befogad\u00e1s\u00e1ra alkalmas. Rendelkez\u00fcnk m\u00e9g egy m\u00e1sik, elk\u00fcl\u00f6n\u00edtett teremmel is, amit kisebb csoportoknak (maximum 16 f\u0151 r\u00e9sz\u00e9re) tudunk biztos\u00edtani.<\/p>\n<p><a class=\"hungry-button dark\" href=\"http:\/\/aragvi.hu\/hu\/etlap\/\">Megn\u00e9zem az \u00e9tlapot<\/a><\/p>\n","protected":false},"excerpt":{"rendered":"<p>Rendezv\u00e9nyek? N\u00e1lunk megtal\u00e1lod az ide\u00e1lis rendezv\u00e9nyhelysz\u00ednt! Rendezv\u00e9nyeid lebonyol\u00edt\u00e1s\u00e1hoz ide\u00e1lis budapesti helysz\u00ednt biztos\u00edtunk. Keress benn\u00fcnket bizalommal, ha esk\u00fcv\u0151, c\u00e9ges rendezv\u00e9ny, \u00fcnnepi rendezv\u00e9ny, \u00fcnnepi vacsora, oszt\u00e1lytal\u00e1lkoz\u00f3, sz\u00fclet\u00e9snap, &hellip; <a class=\"recipe-more-link\" href=\"https:\/\/aragvi.hu\/hu\/rendezvenyek\/\">View Recipe<\/a><\/p>\n","protected":false},"author":3,"featured_media":1135,"parent":0,"menu_order":0,"comment_status":"closed","ping_status":"closed","template":"page-templates\/template-full-width.php","meta":{"footnotes":""},"class_list":["post-457","page","type-page","status-publish","has-post-thumbnail","hentry"],"_links":{"self":[{"href":"https:\/\/aragvi.hu\/hu\/wp-json\/wp\/v2\/pages\/457","targetHints":{"allow":["GET"]}}],"collection":[{"href":"https:\/\/aragvi.hu\/hu\/wp-json\/wp\/v2\/pages"}],"about":[{"href":"https:\/\/aragvi.hu\/hu\/wp-json\/wp\/v2\/types\/page"}],"author":[{"embeddable":true,"href":"https:\/\/aragvi.hu\/hu\/wp-json\/wp\/v2\/users\/3"}],"replies":[{"embeddable":true,"href":"https:\/\/aragvi.hu\/hu\/wp-json\/wp\/v2\/comments?post=457"}],"version-history":[{"count":15,"href":"https:\/\/aragvi.hu\/hu\/wp-json\/wp\/v2\/pages\/457\/revisions"}],"predecessor-version":[{"id":6791,"href":"https:\/\/aragvi.hu\/hu\/wp-json\/wp\/v2\/pages\/457\/revisions\/6791"}],"wp:featuredmedia":[{"embeddable":true,"href":"https:\/\/aragvi.hu\/hu\/wp-json\/wp\/v2\/media\/1135"}],"wp:attachment":[{"href":"https:\/\/aragvi.hu\/hu\/wp-json\/wp\/v2\/media?parent=457"}],"curies":[{"name":"wp","href":"https:\/\/api.w.org\/{rel}","templated":true}]}}