{"id":380,"date":"2015-09-21T15:27:08","date_gmt":"2015-09-21T13:27:08","guid":{"rendered":"http:\/\/aragvi.hu\/hu\/?page_id=380"},"modified":"2025-12-14T14:10:44","modified_gmt":"2025-12-14T13:10:44","slug":"kapcsolat","status":"publish","type":"page","link":"https:\/\/aragvi.hu\/hu\/kapcsolat\/","title":{"rendered":"Kapcsolat"},"content":{"rendered":"<p style=\"text-align: center;\"><strong>C\u00edm<\/strong>:<br \/>1023 Bp. II. ker\u00fclet, \u00dcr\u00f6mi k\u00f6z 2.<\/p>\n<p style=\"text-align: center;\"><strong>Telefonsz\u00e1m<\/strong>:<br \/>+36 1 293 2888<\/p>\n<p style=\"text-align: center;\"><strong>E-mail c\u00edm<\/strong>:<br \/>info@aragvi.hu<\/p>\n<p style=\"text-align: center;\"><strong>Nyitva tart\u00e1s<\/strong>:<br \/>Kedd &#8211; Vas\u00e1rnap 12:00 &#8211; 22:00<br \/>H\u00e9tf\u0151nk\u00e9nt z\u00e1rva!<\/p>\n\n\n<div class=\"google-maps\">&#xFEFF;<span contenteditable=\"false\" style=\"border: 0;\" data-mce-object=\"iframe\" class=\"mce-preview-object mce-object-iframe\" data-mce-p-allowfullscreen=\"allowfullscreen\" data-mce-p-frameborder=\"0\" data-mce-p-src=\"https:\/\/www.google.com\/maps\/embed?pb=!1m18!1m12!1m3!1d2694.0561629881645!2d19.030908676270162!3d47.52776957118267!2m3!1f0!2f0!3f0!3m2!1i1024!2i768!4f13.1!3m3!1m2!1s0x4741d95157023255%3A0xe00e617f029d0033!2sAragvi%20%C3%89tterem!5e0!3m2!1shu!2shu!4v1765716982917!5m2!1shu!2shu\"><iframe loading=\"lazy\" src=\"https:\/\/www.google.com\/maps\/embed?pb=!1m18!1m12!1m3!1d2694.0561629881645!2d19.030908676270162!3d47.52776957118267!2m3!1f0!2f0!3f0!3m2!1i1024!2i768!4f13.1!3m3!1m2!1s0x4741d95157023255%3A0xe00e617f029d0033!2sAragvi%20%C3%89tterem!5e0!3m2!1shu!2shu!4v1765716982917!5m2!1shu!2shu\" allowfullscreen=\"allowfullscreen\" style=\"border: 0;\" width=\"800\" height=\"400\" frameborder=\"0\"><\/iframe><span class=\"mce-shim\"><\/span><\/span><\/div>\n\n\n\n<p><\/p>\n","protected":false},"excerpt":{"rendered":"<p>C\u00edm:1023 Bp. II. ker\u00fclet, \u00dcr\u00f6mi k\u00f6z 2. Telefonsz\u00e1m:+36 1 293 2888 E-mail c\u00edm:info@aragvi.hu Nyitva tart\u00e1s:Kedd &#8211; Vas\u00e1rnap 12:00 &#8211; 22:00H\u00e9tf\u0151nk\u00e9nt z\u00e1rva! &#xFEFF;<\/p>\n","protected":false},"author":3,"featured_media":0,"parent":0,"menu_order":0,"comment_status":"closed","ping_status":"closed","template":"page-templates\/template-full-width.php","meta":{"footnotes":""},"class_list":["post-380","page","type-page","status-publish","hentry"],"_links":{"self":[{"href":"https:\/\/aragvi.hu\/hu\/wp-json\/wp\/v2\/pages\/380","targetHints":{"allow":["GET"]}}],"collection":[{"href":"https:\/\/aragvi.hu\/hu\/wp-json\/wp\/v2\/pages"}],"about":[{"href":"https:\/\/aragvi.hu\/hu\/wp-json\/wp\/v2\/types\/page"}],"author":[{"embeddable":true,"href":"https:\/\/aragvi.hu\/hu\/wp-json\/wp\/v2\/users\/3"}],"replies":[{"embeddable":true,"href":"https:\/\/aragvi.hu\/hu\/wp-json\/wp\/v2\/comments?post=380"}],"version-history":[{"count":56,"href":"https:\/\/aragvi.hu\/hu\/wp-json\/wp\/v2\/pages\/380\/revisions"}],"predecessor-version":[{"id":6816,"href":"https:\/\/aragvi.hu\/hu\/wp-json\/wp\/v2\/pages\/380\/revisions\/6816"}],"wp:attachment":[{"href":"https:\/\/aragvi.hu\/hu\/wp-json\/wp\/v2\/media?parent=380"}],"curies":[{"name":"wp","href":"https:\/\/api.w.org\/{rel}","templated":true}]}}