{"id":299,"date":"2015-09-18T14:38:47","date_gmt":"2015-09-18T12:38:47","guid":{"rendered":"http:\/\/aragvi.hu\/hu\/?page_id=299"},"modified":"2025-12-15T19:37:48","modified_gmt":"2025-12-15T18:37:48","slug":"rolunk","status":"publish","type":"page","link":"https:\/\/aragvi.hu\/hu\/rolunk\/","title":{"rendered":"R\u00f3lunk"},"content":{"rendered":"<h5 class=\"header-divider\">Enn\u00e9l valami \u00ednycsikland\u00f3t? \u00daj \u00edzekre v\u00e1gysz?<\/h5>\n<p>A gr\u00faz konyha isteni, tal\u00e1n az egyik legjobb a vil\u00e1gon. Olyasvalami, amiben \u00e9rdemes elmer\u00fclni \u00e9s ak\u00e1r elveszni is, hiszen mindig akad \u00fajabb felfedeznival\u00f3. A rendk\u00edv\u00fcli \u00edzeket \u00e9s pazar \u00e9lm\u00e9nyeket gasztron\u00f3miai csodak\u00e9nt \u00e9lheti meg az \u00e9rdekl\u0151d\u0151. \u00c9tterm\u00fcnkben tapasztalt gr\u00faz szem\u00e9lyzet k\u00e9sz\u00edti az autentikus \u00e9teleket, melyek mindig friss \u00e9s a legjobb min\u0151s\u00e9g\u0171 alapanyagokb\u00f3l k\u00e9sz\u00fclnek, eredeti gr\u00faz receptek alapj\u00e1n. \u00c9teleink jelleg\u00e9t a t\u00f6m\u00e9rdek di\u00f3, a domin\u00e1ns f\u0171szerek (menta, bazsalikom, kapor, kerti zs\u00e1zsa, t\u00e1rkony, koriander, csombor), a h\u00e1zi sajtok, a frissen s\u00fclt kenyerek \u00e9s a sok z\u00f6lds\u00e9g adja. Elmaradhatatlan a z\u00f6ldhagyma, a paradicsom, az uborka \u00e9s a retek. A k\u00fcl\u00f6nb\u00f6z\u0151 h\u00fas\u00e9telek mellett a veget\u00e1ri\u00e1nus \u00e9telek sz\u00e9les sk\u00e1l\u00e1j\u00e1t is k\u00edn\u00e1ljuk. N\u00e1lunk megtal\u00e1lod az olyan m\u00e9lt\u00e1n h\u00edres gr\u00faz specialit\u00e1sokat, mint a hacsapuri, a hinkali, a csakapuli, a gebzsalia, a harcso, a szacivi, a lobio, vagy ak\u00e1r a f\u0171szeres di\u00f3val t\u00f6lt\u00f6tt padlizs\u00e1n. Friss f\u0171szern\u00f6v\u00e9nyekb\u0151l \u00e9s z\u00f6lds\u00e9gekb\u0151l pedig \u00edzletes \u00e9s v\u00e1ltozatos sal\u00e1t\u00e1kat, \u00e9s rengeteg m\u00e1s, egzotikus \u00e9telk\u00fcl\u00f6nlegess\u00e9get k\u00e9sz\u00edt\u00fcnk vend\u00e9geink sz\u00e1m\u00e1ra. \u00c9tterm\u00fcnk tov\u00e1bbi k\u00fcl\u00f6nlegess\u00e9ge, hogy saj\u00e1t k\u00e9sz\u00edt\u00e9s\u0171 sajttal \u00e9s keny\u00e9rrel fogadjuk vend\u00e9geinket.<\/p>\n<p>Italaink k\u00f6z\u00fcl a kiv\u00e1l\u00f3 \u2013 f\u00f6ldbe v\u00e1jt agyagamfor\u00e1ban, hagyom\u00e1nyos m\u00f3don \u00e9rlelt \u2013 gr\u00faz borainkat \u00e9rdemes kiemelni, \u00e9s a ChaCha-t, ami nem t\u00e1nc, hanem egy \u2013 n\u00e9pszer\u0171, hagyom\u00e1nyos, gr\u00faz \u2013 alkoholos ital. Legal\u00e1bb \u00f6tven fokos, t\u00f6bbnyire t\u00f6rk\u00f6lyb\u0151l k\u00e9sz\u00fcl \u00e9s gr\u00faz vodkak\u00e9nt is defini\u00e1lj\u00e1k. Batumiban van egy t\u00e9r, ahol eg\u00e9sz ny\u00e1ron, naponta \u00f6t percre az egyik sz\u00f6k\u0151k\u00fatb\u00f3l ChaCha folyik. M\u00e9lt\u00e1n h\u00edres a n\u00e1lunk is megtal\u00e1lhat\u00f3 Borjomi \u00e1sv\u00e1nyviz is, ami s\u00f3s \u00edz\u0171, zamatos, sz\u00e9nsavas \u00e1sv\u00e1nyv\u00edz. Mindenk\u00e9ppen \u00e9rdemes ezeket kipr\u00f3b\u00e1lni!<\/p>\n<p>C\u00e9lunk, hogy \u00e9tterm\u00fcnkben, a lehet\u0151 legt\u00f6bbet \u2013 amit egy \u00e9tkez\u00e9s alatt csak lehets\u00e9ges \u2013 megmutassunk neked Gr\u00fazi\u00e1r\u00f3l \u00e9s az \u00ednycsiklandoz\u00f3, gr\u00faz finoms\u00e1gokb\u00f3l. Kisgyermekes l\u00e1togat\u00f3inkra gondolva egy j\u00e1tsz\u00f3sarkot is kialak\u00edtottunk az \u00e9tterem bels\u0151 helyis\u00e9g\u00e9ben.<\/p>\n<p>Ha szereted a b\u0151s\u00e9ges, v\u00e1ltozatos \u00e9s nagy m\u00falttal rendelkez\u0151 \u00e9teleket, nem fogsz csal\u00f3dni n\u00e1lunk! T\u00e9rj be hozz\u00e1nk, s mi \u00f6r\u00f6mmel l\u00e1tunk!<\/p>\n<p><a class=\"hungry-button dark\" href=\"https:\/\/aragvi.hu\/hu\/etlap\/\">Megn\u00e9zem az \u00e9tlapot!<\/a><\/p>\n","protected":false},"excerpt":{"rendered":"<p>Enn\u00e9l valami \u00ednycsikland\u00f3t? \u00daj \u00edzekre v\u00e1gysz? A gr\u00faz konyha isteni, tal\u00e1n az egyik legjobb a vil\u00e1gon. Olyasvalami, amiben \u00e9rdemes elmer\u00fclni \u00e9s ak\u00e1r elveszni is, hiszen &hellip; <a class=\"recipe-more-link\" href=\"https:\/\/aragvi.hu\/hu\/rolunk\/\">View Recipe<\/a><\/p>\n","protected":false},"author":3,"featured_media":0,"parent":0,"menu_order":0,"comment_status":"closed","ping_status":"closed","template":"page-templates\/template-full-width.php","meta":{"footnotes":""},"class_list":["post-299","page","type-page","status-publish","hentry"],"_links":{"self":[{"href":"https:\/\/aragvi.hu\/hu\/wp-json\/wp\/v2\/pages\/299","targetHints":{"allow":["GET"]}}],"collection":[{"href":"https:\/\/aragvi.hu\/hu\/wp-json\/wp\/v2\/pages"}],"about":[{"href":"https:\/\/aragvi.hu\/hu\/wp-json\/wp\/v2\/types\/page"}],"author":[{"embeddable":true,"href":"https:\/\/aragvi.hu\/hu\/wp-json\/wp\/v2\/users\/3"}],"replies":[{"embeddable":true,"href":"https:\/\/aragvi.hu\/hu\/wp-json\/wp\/v2\/comments?post=299"}],"version-history":[{"count":27,"href":"https:\/\/aragvi.hu\/hu\/wp-json\/wp\/v2\/pages\/299\/revisions"}],"predecessor-version":[{"id":6827,"href":"https:\/\/aragvi.hu\/hu\/wp-json\/wp\/v2\/pages\/299\/revisions\/6827"}],"wp:attachment":[{"href":"https:\/\/aragvi.hu\/hu\/wp-json\/wp\/v2\/media?parent=299"}],"curies":[{"name":"wp","href":"https:\/\/api.w.org\/{rel}","templated":true}]}}