{"id":414,"date":"2015-09-23T10:10:00","date_gmt":"2015-09-23T08:10:00","guid":{"rendered":"http:\/\/aragvi.hu\/en\/?page_id=414"},"modified":"2025-12-07T21:03:48","modified_gmt":"2025-12-07T20:03:48","slug":"book-a-table","status":"publish","type":"page","link":"https:\/\/aragvi.hu\/en\/book-a-table\/","title":{"rendered":"Book a Table"},"content":{"rendered":"<p>\n\t<script type=\"text\/javascript\">\n        var ajaxurl = 'https:\/\/aragvi.hu\/en\/wp-admin\/admin-ajax.php';\n    <\/script>\n\n    <style>#rtb-time_root .picker__list .picker__list-item.picker__list-item--disabled { display: none; }<\/style>\n    \n<div class=\"rtb-booking-form\">\n\t\n\t\n\t\n\t\n\t<form method=\"POST\" action=\"https:\/\/aragvi.hu\/en\/book-a-table\/\" class=\"rtb-booking-form-form\">\n\t\t<input type=\"hidden\" name=\"action\" value=\"booking_request\">\n\n\t\t\n\t\t\n\t\t\n\t\t\t\t<fieldset class=\"reservation\">\n\n\t\t\t\t\t\t<legend >\n\t\t\t\tBook a table\t\t\t<\/legend>\n\t\t\t\n\t\t\t\n\t<div class=\"rtb-text date\">\n\t\t\t\t<label for=\"rtb-date\">\n\t\t\tDate\t\t<\/label>\n\t\t<input type=\"text\" name=\"rtb-date\" id=\"rtb-date\" value=\"\" required aria-required=\"true\">\n\t<\/div>\n\n\t\n\t<div class=\"rtb-text time\">\n\t\t\t\t<label for=\"rtb-time\">\n\t\t\tTime\t\t<\/label>\n\t\t<input type=\"text\" name=\"rtb-time\" id=\"rtb-time\" value=\"\" required aria-required=\"true\">\n\t<\/div>\n\n\t\n\t<div class=\"rtb-select party\">\n\t\t\t\t<label for=\"rtb-party\">\n\t\t\tParty\t\t<\/label>\n\t\t<select name=\"rtb-party\" id=\"rtb-party\" required aria-required=\"true\"  data-selected=\"\">\n\t\t\t\t\t\t\t\t\t<option value=\"1\" >1<\/option>\n\t\t\t\t\t\t<option value=\"2\" >2<\/option>\n\t\t\t\t\t\t<option value=\"3\" >3<\/option>\n\t\t\t\t\t\t<option value=\"4\" >4<\/option>\n\t\t\t\t\t\t<option value=\"5\" >5<\/option>\n\t\t\t\t\t\t<option value=\"6\" >6<\/option>\n\t\t\t\t\t\t<option value=\"7\" >7<\/option>\n\t\t\t\t\t\t<option value=\"8\" >8<\/option>\n\t\t\t\t\t\t<option value=\"9\" >9<\/option>\n\t\t\t\t\t\t<option value=\"10\" >10<\/option>\n\t\t\t\t\t\t<option value=\"11\" >11<\/option>\n\t\t\t\t\t\t<option value=\"12\" >12<\/option>\n\t\t\t\t\t\t<option value=\"13\" >13<\/option>\n\t\t\t\t\t\t<option value=\"14\" >14<\/option>\n\t\t\t\t\t\t<option value=\"15\" >15<\/option>\n\t\t\t\t\t\t<option value=\"16\" >16<\/option>\n\t\t\t\t\t\t<option value=\"17\" >17<\/option>\n\t\t\t\t\t\t<option value=\"18\" >18<\/option>\n\t\t\t\t\t\t<option value=\"19\" >19<\/option>\n\t\t\t\t\t\t<option value=\"20\" >20<\/option>\n\t\t\t\t\t\t<option value=\"21\" >21<\/option>\n\t\t\t\t\t\t<option value=\"22\" >22<\/option>\n\t\t\t\t\t\t<option value=\"23\" >23<\/option>\n\t\t\t\t\t\t<option value=\"24\" >24<\/option>\n\t\t\t\t\t\t<option value=\"25\" >25<\/option>\n\t\t\t\t\t\t<option value=\"26\" >26<\/option>\n\t\t\t\t\t\t<option value=\"27\" >27<\/option>\n\t\t\t\t\t\t<option value=\"28\" >28<\/option>\n\t\t\t\t\t\t<option value=\"29\" >29<\/option>\n\t\t\t\t\t\t<option value=\"30\" >30<\/option>\n\t\t\t\t\t\t<option value=\"31\" >31<\/option>\n\t\t\t\t\t\t<option value=\"32\" >32<\/option>\n\t\t\t\t\t\t<option value=\"33\" >33<\/option>\n\t\t\t\t\t\t<option value=\"34\" >34<\/option>\n\t\t\t\t\t\t<option value=\"35\" >35<\/option>\n\t\t\t\t\t\t<option value=\"36\" >36<\/option>\n\t\t\t\t\t\t<option value=\"37\" >37<\/option>\n\t\t\t\t\t\t<option value=\"38\" >38<\/option>\n\t\t\t\t\t\t<option value=\"39\" >39<\/option>\n\t\t\t\t\t\t<option value=\"40\" >40<\/option>\n\t\t\t\t\t\t<option value=\"41\" >41<\/option>\n\t\t\t\t\t\t<option value=\"42\" >42<\/option>\n\t\t\t\t\t\t<option value=\"43\" >43<\/option>\n\t\t\t\t\t\t<option value=\"44\" >44<\/option>\n\t\t\t\t\t\t<option value=\"45\" >45<\/option>\n\t\t\t\t\t\t<option value=\"46\" >46<\/option>\n\t\t\t\t\t\t<option value=\"47\" >47<\/option>\n\t\t\t\t\t\t<option value=\"48\" >48<\/option>\n\t\t\t\t\t\t<option value=\"49\" >49<\/option>\n\t\t\t\t\t\t<option value=\"50\" >50<\/option>\n\t\t\t\t\t\t<option value=\"51\" >51<\/option>\n\t\t\t\t\t\t<option value=\"52\" >52<\/option>\n\t\t\t\t\t\t<option value=\"53\" >53<\/option>\n\t\t\t\t\t\t<option value=\"54\" >54<\/option>\n\t\t\t\t\t\t<option value=\"55\" >55<\/option>\n\t\t\t\t\t\t<option value=\"56\" >56<\/option>\n\t\t\t\t\t\t<option value=\"57\" >57<\/option>\n\t\t\t\t\t\t<option value=\"58\" >58<\/option>\n\t\t\t\t\t\t<option value=\"59\" >59<\/option>\n\t\t\t\t\t\t<option value=\"60\" >60<\/option>\n\t\t\t\t\t\t<option value=\"61\" >61<\/option>\n\t\t\t\t\t\t<option value=\"62\" >62<\/option>\n\t\t\t\t\t\t<option value=\"63\" >63<\/option>\n\t\t\t\t\t\t<option value=\"64\" >64<\/option>\n\t\t\t\t\t\t<option value=\"65\" >65<\/option>\n\t\t\t\t\t\t<option value=\"66\" >66<\/option>\n\t\t\t\t\t\t<option value=\"67\" >67<\/option>\n\t\t\t\t\t\t<option value=\"68\" >68<\/option>\n\t\t\t\t\t\t<option value=\"69\" >69<\/option>\n\t\t\t\t\t\t<option value=\"70\" >70<\/option>\n\t\t\t\t\t\t<option value=\"71\" >71<\/option>\n\t\t\t\t\t\t<option value=\"72\" >72<\/option>\n\t\t\t\t\t\t<option value=\"73\" >73<\/option>\n\t\t\t\t\t\t<option value=\"74\" >74<\/option>\n\t\t\t\t\t\t<option value=\"75\" >75<\/option>\n\t\t\t\t\t\t<option value=\"76\" >76<\/option>\n\t\t\t\t\t\t<option value=\"77\" >77<\/option>\n\t\t\t\t\t\t<option value=\"78\" >78<\/option>\n\t\t\t\t\t\t<option value=\"79\" >79<\/option>\n\t\t\t\t\t\t<option value=\"80\" >80<\/option>\n\t\t\t\t\t\t<option value=\"81\" >81<\/option>\n\t\t\t\t\t\t<option value=\"82\" >82<\/option>\n\t\t\t\t\t\t<option value=\"83\" >83<\/option>\n\t\t\t\t\t\t<option value=\"84\" >84<\/option>\n\t\t\t\t\t\t<option value=\"85\" >85<\/option>\n\t\t\t\t\t\t<option value=\"86\" >86<\/option>\n\t\t\t\t\t\t<option value=\"87\" >87<\/option>\n\t\t\t\t\t\t<option value=\"88\" >88<\/option>\n\t\t\t\t\t\t<option value=\"89\" >89<\/option>\n\t\t\t\t\t\t<option value=\"90\" >90<\/option>\n\t\t\t\t\t\t<option value=\"91\" >91<\/option>\n\t\t\t\t\t\t<option value=\"92\" >92<\/option>\n\t\t\t\t\t\t<option value=\"93\" >93<\/option>\n\t\t\t\t\t\t<option value=\"94\" >94<\/option>\n\t\t\t\t\t\t<option value=\"95\" >95<\/option>\n\t\t\t\t\t\t<option value=\"96\" >96<\/option>\n\t\t\t\t\t\t<option value=\"97\" >97<\/option>\n\t\t\t\t\t\t<option value=\"98\" >98<\/option>\n\t\t\t\t\t\t<option value=\"99\" >99<\/option>\n\t\t\t\t\t\t<option value=\"100\" >100<\/option>\n\t\t\t\t\t<\/select>\n\t<\/div>\n\n\t\t\t<\/fieldset>\n\t\t\t\t<fieldset class=\"rtb-contact\">\n\n\t\t\t\t\t\t<legend >\n\t\t\t\tContact Details\t\t\t<\/legend>\n\t\t\t\n\t\t\t\n\t<div class=\"rtb-text name\">\n\t\t\t\t<label for=\"rtb-name\">\n\t\t\tName\t\t<\/label>\n\t\t<input type=\"text\" name=\"rtb-name\" id=\"rtb-name\" value=\"\" required aria-required=\"true\">\n\t<\/div>\n\n\t\n\t<div class=\"rtb-text email\">\n\t\t\t\t<label for=\"rtb-email\">\n\t\t\tEmail\t\t<\/label>\n\t\t<input type=\"email\" name=\"rtb-email\" id=\"rtb-email\" value=\"\" required aria-required=\"true\">\n\t<\/div>\n\n\t\n\t<div class=\"rtb-text phone\">\n\t\t\t\t<label for=\"rtb-phone\">\n\t\t\tPhone\t\t<\/label>\n\t\t<input type=\"tel\" name=\"rtb-phone\" id=\"rtb-phone\" value=\"\">\n\t<\/div>\n\n\t\n\t<div class=\"add-message\">\n\t\t<a href=\"#\">\n\t\t\tAdd a Message\t\t<\/a>\n\t<\/div>\n\n\t\n\t<div class=\"rtb-textarea message\">\n\t\t\t\t<label for=\"rtb-message\">\n\t\t\tMessage\t\t<\/label>\n\t\t<textarea name=\"rtb-message\" id=\"rtb-message\"><\/textarea>\n\t<\/div>\n\n\t\t\t<\/fieldset>\n\t\t\n\t\t\n\t\t<fieldset class=\"rtb-form-footer\">\n\t\t\t<div id='rtb_recaptcha'><\/div>\n\t\t\t\n\t\t\t<div class=\"rtb-form-submit\"><button type=\"submit\">Request Booking<\/button><\/div>\t\t<\/fieldset>\n\n\n\t<\/form>\n\n\t\n\t\n\t<\/div>\n\n\t<br \/>\n<strong>Please allow up to 24 hours for booking confirmation.<\/strong><\/p>\n","protected":false},"excerpt":{"rendered":"<p>Please allow up to 24 hours for booking confirmation.<\/p>\n","protected":false},"author":1,"featured_media":0,"parent":0,"menu_order":0,"comment_status":"closed","ping_status":"closed","template":"page-templates\/template-full-width.php","meta":{"footnotes":""},"class_list":["post-414","page","type-page","status-publish","hentry"],"yoast_head":"<!-- This site is optimized with the Yoast SEO plugin v26.4 - https:\/\/yoast.com\/wordpress\/plugins\/seo\/ -->\n<title>Asztalfoglal\u00e1s - Aragvi<\/title>\n<meta name=\"description\" content=\"V\u00e1runk szeretettel, Aragvi gr\u00faz \u00e9tterem\" \/>\n<meta name=\"robots\" content=\"index, follow, max-snippet:-1, max-image-preview:large, max-video-preview:-1\" \/>\n<link rel=\"canonical\" href=\"https:\/\/aragvi.hu\/en\/book-a-table\/\" \/>\n<meta property=\"og:locale\" content=\"en_US\" \/>\n<meta property=\"og:type\" content=\"article\" \/>\n<meta property=\"og:title\" content=\"Asztalfoglal\u00e1s - Aragvi\" \/>\n<meta property=\"og:description\" content=\"V\u00e1runk szeretettel, Aragvi gr\u00faz \u00e9tterem\" \/>\n<meta property=\"og:url\" content=\"https:\/\/aragvi.hu\/en\/book-a-table\/\" \/>\n<meta property=\"og:site_name\" content=\"Aragvi Gr\u00faz \u00c9tterem\" \/>\n<meta property=\"article:modified_time\" content=\"2025-12-07T20:03:48+00:00\" \/>\n<meta name=\"twitter:card\" content=\"summary_large_image\" \/>\n<script type=\"application\/ld+json\" class=\"yoast-schema-graph\">{\"@context\":\"https:\/\/schema.org\",\"@graph\":[{\"@type\":\"WebPage\",\"@id\":\"https:\/\/aragvi.hu\/en\/book-a-table\/\",\"url\":\"https:\/\/aragvi.hu\/en\/book-a-table\/\",\"name\":\"Asztalfoglal\u00e1s - Aragvi\",\"isPartOf\":{\"@id\":\"https:\/\/aragvi.hu\/en\/#website\"},\"datePublished\":\"2015-09-23T08:10:00+00:00\",\"dateModified\":\"2025-12-07T20:03:48+00:00\",\"description\":\"V\u00e1runk szeretettel, Aragvi gr\u00faz \u00e9tterem\",\"breadcrumb\":{\"@id\":\"https:\/\/aragvi.hu\/en\/book-a-table\/#breadcrumb\"},\"inLanguage\":\"en-US\",\"potentialAction\":[{\"@type\":\"ReadAction\",\"target\":[\"https:\/\/aragvi.hu\/en\/book-a-table\/\"]}]},{\"@type\":\"BreadcrumbList\",\"@id\":\"https:\/\/aragvi.hu\/en\/book-a-table\/#breadcrumb\",\"itemListElement\":[{\"@type\":\"ListItem\",\"position\":1,\"name\":\"Kezd\u0151lap\",\"item\":\"https:\/\/aragvi.hu\/en\/\"},{\"@type\":\"ListItem\",\"position\":2,\"name\":\"Book a Table\"}]},{\"@type\":\"WebSite\",\"@id\":\"https:\/\/aragvi.hu\/en\/#website\",\"url\":\"https:\/\/aragvi.hu\/en\/\",\"name\":\"Aragvi Gr\u00faz \u00c9tterem\",\"description\":\"Georgian restaurant in Budapest, Hungary.\",\"potentialAction\":[{\"@type\":\"SearchAction\",\"target\":{\"@type\":\"EntryPoint\",\"urlTemplate\":\"https:\/\/aragvi.hu\/en\/?s={search_term_string}\"},\"query-input\":{\"@type\":\"PropertyValueSpecification\",\"valueRequired\":true,\"valueName\":\"search_term_string\"}}],\"inLanguage\":\"en-US\"}]}<\/script>\n<!-- \/ Yoast SEO plugin. -->","yoast_head_json":{"title":"Asztalfoglal\u00e1s - Aragvi","description":"V\u00e1runk szeretettel, Aragvi gr\u00faz \u00e9tterem","robots":{"index":"index","follow":"follow","max-snippet":"max-snippet:-1","max-image-preview":"max-image-preview:large","max-video-preview":"max-video-preview:-1"},"canonical":"https:\/\/aragvi.hu\/en\/book-a-table\/","og_locale":"en_US","og_type":"article","og_title":"Asztalfoglal\u00e1s - Aragvi","og_description":"V\u00e1runk szeretettel, Aragvi gr\u00faz \u00e9tterem","og_url":"https:\/\/aragvi.hu\/en\/book-a-table\/","og_site_name":"Aragvi Gr\u00faz \u00c9tterem","article_modified_time":"2025-12-07T20:03:48+00:00","twitter_card":"summary_large_image","schema":{"@context":"https:\/\/schema.org","@graph":[{"@type":"WebPage","@id":"https:\/\/aragvi.hu\/en\/book-a-table\/","url":"https:\/\/aragvi.hu\/en\/book-a-table\/","name":"Asztalfoglal\u00e1s - Aragvi","isPartOf":{"@id":"https:\/\/aragvi.hu\/en\/#website"},"datePublished":"2015-09-23T08:10:00+00:00","dateModified":"2025-12-07T20:03:48+00:00","description":"V\u00e1runk szeretettel, Aragvi gr\u00faz \u00e9tterem","breadcrumb":{"@id":"https:\/\/aragvi.hu\/en\/book-a-table\/#breadcrumb"},"inLanguage":"en-US","potentialAction":[{"@type":"ReadAction","target":["https:\/\/aragvi.hu\/en\/book-a-table\/"]}]},{"@type":"BreadcrumbList","@id":"https:\/\/aragvi.hu\/en\/book-a-table\/#breadcrumb","itemListElement":[{"@type":"ListItem","position":1,"name":"Kezd\u0151lap","item":"https:\/\/aragvi.hu\/en\/"},{"@type":"ListItem","position":2,"name":"Book a Table"}]},{"@type":"WebSite","@id":"https:\/\/aragvi.hu\/en\/#website","url":"https:\/\/aragvi.hu\/en\/","name":"Aragvi Gr\u00faz \u00c9tterem","description":"Georgian restaurant in Budapest, Hungary.","potentialAction":[{"@type":"SearchAction","target":{"@type":"EntryPoint","urlTemplate":"https:\/\/aragvi.hu\/en\/?s={search_term_string}"},"query-input":{"@type":"PropertyValueSpecification","valueRequired":true,"valueName":"search_term_string"}}],"inLanguage":"en-US"}]}},"_links":{"self":[{"href":"https:\/\/aragvi.hu\/en\/wp-json\/wp\/v2\/pages\/414","targetHints":{"allow":["GET"]}}],"collection":[{"href":"https:\/\/aragvi.hu\/en\/wp-json\/wp\/v2\/pages"}],"about":[{"href":"https:\/\/aragvi.hu\/en\/wp-json\/wp\/v2\/types\/page"}],"author":[{"embeddable":true,"href":"https:\/\/aragvi.hu\/en\/wp-json\/wp\/v2\/users\/1"}],"replies":[{"embeddable":true,"href":"https:\/\/aragvi.hu\/en\/wp-json\/wp\/v2\/comments?post=414"}],"version-history":[{"count":8,"href":"https:\/\/aragvi.hu\/en\/wp-json\/wp\/v2\/pages\/414\/revisions"}],"predecessor-version":[{"id":1926,"href":"https:\/\/aragvi.hu\/en\/wp-json\/wp\/v2\/pages\/414\/revisions\/1926"}],"wp:attachment":[{"href":"https:\/\/aragvi.hu\/en\/wp-json\/wp\/v2\/media?parent=414"}],"curies":[{"name":"wp","href":"https:\/\/api.w.org\/{rel}","templated":true}]}}