{"id":380,"date":"2015-09-21T15:27:08","date_gmt":"2015-09-21T13:27:08","guid":{"rendered":"http:\/\/aragvi.hu\/en\/?page_id=380"},"modified":"2025-12-14T14:01:24","modified_gmt":"2025-12-14T13:01:24","slug":"contact-us","status":"publish","type":"page","link":"https:\/\/aragvi.hu\/en\/contact-us\/","title":{"rendered":"Contact Us"},"content":{"rendered":"<p style=\"text-align: center;\"><strong>Address<\/strong>:<br \/>\n1023 Budapest, district II, \u00dcr\u00f6mi k\u00f6z 2<\/p>\n<p style=\"text-align: center;\"><strong>Telephone<\/strong>:<br \/>\n+36 1 293 2888<\/p>\n<p style=\"text-align: center;\"><strong>E-mail<\/strong>:<br \/>\ninfo@aragvi.hu<\/p>\n<p style=\"text-align: center;\"><strong>Opening Hours<\/strong>:<br \/>\nTuesday &#8211; Sunday 12:00 &#8211; 22:00<br \/>\nClosed on Mondays!<\/p>\n<div class=\"google-maps\"><iframe style=\"border: 0;\" src=\"https:\/\/www.google.com\/maps\/embed?pb=!1m18!1m12!1m3!1d2694.0561629881645!2d19.030908676270162!3d47.52776957118267!2m3!1f0!2f0!3f0!3m2!1i1024!2i768!4f13.1!3m3!1m2!1s0x4741d95157023255%3A0xe00e617f029d0033!2sAragvi%20Restaurant!5e0!3m2!1sen!2shu!4v1765717240470!5m2!1sen!2shu\" width=\"800\" height=\"400\" frameborder=\"0\" allowfullscreen=\"allowfullscreen\"><\/iframe><\/div>\n","protected":false},"excerpt":{"rendered":"<p>Address: 1023 Budapest, district II, \u00dcr\u00f6mi k\u00f6z 2 Telephone: +36 1 293 2888 E-mail: info@aragvi.hu Opening Hours: Tuesday &#8211; Sunday 12:00 &#8211; 22:00 Closed on &hellip; <a class=\"recipe-more-link\" href=\"https:\/\/aragvi.hu\/en\/contact-us\/\">View Recipe<\/a><\/p>\n","protected":false},"author":1,"featured_media":0,"parent":0,"menu_order":0,"comment_status":"closed","ping_status":"closed","template":"page-templates\/template-full-width.php","meta":{"footnotes":""},"class_list":["post-380","page","type-page","status-publish","hentry"],"yoast_head":"<!-- This site is optimized with the Yoast SEO plugin v26.4 - https:\/\/yoast.com\/wordpress\/plugins\/seo\/ -->\n<title>Kapcsolat - Aragvi Gr\u00faz \u00c9tterem<\/title>\n<meta name=\"description\" content=\"C\u00edm: 1023 Bp. II. ker\u00fclet, \u00dcr\u00f6mi k\u00f6z 2. Telefonsz\u00e1m: 06\/1 \u2013 293 28 88 E-mail c\u00edm: info@aragvi.hu Szeretettel v\u00e1runk, Aragvi Gr\u00faz \u00c9tterem\" \/>\n<meta name=\"robots\" content=\"index, follow, max-snippet:-1, max-image-preview:large, max-video-preview:-1\" \/>\n<link rel=\"canonical\" href=\"https:\/\/aragvi.hu\/en\/contact-us\/\" \/>\n<meta property=\"og:locale\" content=\"en_US\" \/>\n<meta property=\"og:type\" content=\"article\" \/>\n<meta property=\"og:title\" content=\"Kapcsolat - Aragvi Gr\u00faz \u00c9tterem\" \/>\n<meta property=\"og:description\" content=\"C\u00edm: 1023 Bp. II. ker\u00fclet, \u00dcr\u00f6mi k\u00f6z 2. Telefonsz\u00e1m: 06\/1 \u2013 293 28 88 E-mail c\u00edm: info@aragvi.hu Szeretettel v\u00e1runk, Aragvi Gr\u00faz \u00c9tterem\" \/>\n<meta property=\"og:url\" content=\"https:\/\/aragvi.hu\/en\/contact-us\/\" \/>\n<meta property=\"og:site_name\" content=\"Aragvi Gr\u00faz \u00c9tterem\" \/>\n<meta property=\"article:modified_time\" content=\"2025-12-14T13:01:24+00:00\" \/>\n<meta name=\"twitter:card\" content=\"summary_large_image\" \/>\n<meta name=\"twitter:label1\" content=\"Est. reading time\" \/>\n\t<meta name=\"twitter:data1\" content=\"1 minute\" \/>\n<script type=\"application\/ld+json\" class=\"yoast-schema-graph\">{\"@context\":\"https:\/\/schema.org\",\"@graph\":[{\"@type\":\"WebPage\",\"@id\":\"https:\/\/aragvi.hu\/en\/contact-us\/\",\"url\":\"https:\/\/aragvi.hu\/en\/contact-us\/\",\"name\":\"Kapcsolat - Aragvi Gr\u00faz \u00c9tterem\",\"isPartOf\":{\"@id\":\"https:\/\/aragvi.hu\/en\/#website\"},\"datePublished\":\"2015-09-21T13:27:08+00:00\",\"dateModified\":\"2025-12-14T13:01:24+00:00\",\"description\":\"C\u00edm: 1023 Bp. II. ker\u00fclet, \u00dcr\u00f6mi k\u00f6z 2. Telefonsz\u00e1m: 06\/1 \u2013 293 28 88 E-mail c\u00edm: info@aragvi.hu Szeretettel v\u00e1runk, Aragvi Gr\u00faz \u00c9tterem\",\"breadcrumb\":{\"@id\":\"https:\/\/aragvi.hu\/en\/contact-us\/#breadcrumb\"},\"inLanguage\":\"en-US\",\"potentialAction\":[{\"@type\":\"ReadAction\",\"target\":[\"https:\/\/aragvi.hu\/en\/contact-us\/\"]}]},{\"@type\":\"BreadcrumbList\",\"@id\":\"https:\/\/aragvi.hu\/en\/contact-us\/#breadcrumb\",\"itemListElement\":[{\"@type\":\"ListItem\",\"position\":1,\"name\":\"Kezd\u0151lap\",\"item\":\"https:\/\/aragvi.hu\/en\/\"},{\"@type\":\"ListItem\",\"position\":2,\"name\":\"Contact Us\"}]},{\"@type\":\"WebSite\",\"@id\":\"https:\/\/aragvi.hu\/en\/#website\",\"url\":\"https:\/\/aragvi.hu\/en\/\",\"name\":\"Aragvi Gr\u00faz \u00c9tterem\",\"description\":\"Georgian restaurant in Budapest, Hungary.\",\"potentialAction\":[{\"@type\":\"SearchAction\",\"target\":{\"@type\":\"EntryPoint\",\"urlTemplate\":\"https:\/\/aragvi.hu\/en\/?s={search_term_string}\"},\"query-input\":{\"@type\":\"PropertyValueSpecification\",\"valueRequired\":true,\"valueName\":\"search_term_string\"}}],\"inLanguage\":\"en-US\"}]}<\/script>\n<!-- \/ Yoast SEO plugin. -->","yoast_head_json":{"title":"Kapcsolat - Aragvi Gr\u00faz \u00c9tterem","description":"C\u00edm: 1023 Bp. II. ker\u00fclet, \u00dcr\u00f6mi k\u00f6z 2. Telefonsz\u00e1m: 06\/1 \u2013 293 28 88 E-mail c\u00edm: info@aragvi.hu Szeretettel v\u00e1runk, Aragvi Gr\u00faz \u00c9tterem","robots":{"index":"index","follow":"follow","max-snippet":"max-snippet:-1","max-image-preview":"max-image-preview:large","max-video-preview":"max-video-preview:-1"},"canonical":"https:\/\/aragvi.hu\/en\/contact-us\/","og_locale":"en_US","og_type":"article","og_title":"Kapcsolat - Aragvi Gr\u00faz \u00c9tterem","og_description":"C\u00edm: 1023 Bp. II. ker\u00fclet, \u00dcr\u00f6mi k\u00f6z 2. Telefonsz\u00e1m: 06\/1 \u2013 293 28 88 E-mail c\u00edm: info@aragvi.hu Szeretettel v\u00e1runk, Aragvi Gr\u00faz \u00c9tterem","og_url":"https:\/\/aragvi.hu\/en\/contact-us\/","og_site_name":"Aragvi Gr\u00faz \u00c9tterem","article_modified_time":"2025-12-14T13:01:24+00:00","twitter_card":"summary_large_image","twitter_misc":{"Est. reading time":"1 minute"},"schema":{"@context":"https:\/\/schema.org","@graph":[{"@type":"WebPage","@id":"https:\/\/aragvi.hu\/en\/contact-us\/","url":"https:\/\/aragvi.hu\/en\/contact-us\/","name":"Kapcsolat - Aragvi Gr\u00faz \u00c9tterem","isPartOf":{"@id":"https:\/\/aragvi.hu\/en\/#website"},"datePublished":"2015-09-21T13:27:08+00:00","dateModified":"2025-12-14T13:01:24+00:00","description":"C\u00edm: 1023 Bp. II. ker\u00fclet, \u00dcr\u00f6mi k\u00f6z 2. Telefonsz\u00e1m: 06\/1 \u2013 293 28 88 E-mail c\u00edm: info@aragvi.hu Szeretettel v\u00e1runk, Aragvi Gr\u00faz \u00c9tterem","breadcrumb":{"@id":"https:\/\/aragvi.hu\/en\/contact-us\/#breadcrumb"},"inLanguage":"en-US","potentialAction":[{"@type":"ReadAction","target":["https:\/\/aragvi.hu\/en\/contact-us\/"]}]},{"@type":"BreadcrumbList","@id":"https:\/\/aragvi.hu\/en\/contact-us\/#breadcrumb","itemListElement":[{"@type":"ListItem","position":1,"name":"Kezd\u0151lap","item":"https:\/\/aragvi.hu\/en\/"},{"@type":"ListItem","position":2,"name":"Contact Us"}]},{"@type":"WebSite","@id":"https:\/\/aragvi.hu\/en\/#website","url":"https:\/\/aragvi.hu\/en\/","name":"Aragvi Gr\u00faz \u00c9tterem","description":"Georgian restaurant in Budapest, Hungary.","potentialAction":[{"@type":"SearchAction","target":{"@type":"EntryPoint","urlTemplate":"https:\/\/aragvi.hu\/en\/?s={search_term_string}"},"query-input":{"@type":"PropertyValueSpecification","valueRequired":true,"valueName":"search_term_string"}}],"inLanguage":"en-US"}]}},"_links":{"self":[{"href":"https:\/\/aragvi.hu\/en\/wp-json\/wp\/v2\/pages\/380","targetHints":{"allow":["GET"]}}],"collection":[{"href":"https:\/\/aragvi.hu\/en\/wp-json\/wp\/v2\/pages"}],"about":[{"href":"https:\/\/aragvi.hu\/en\/wp-json\/wp\/v2\/types\/page"}],"author":[{"embeddable":true,"href":"https:\/\/aragvi.hu\/en\/wp-json\/wp\/v2\/users\/1"}],"replies":[{"embeddable":true,"href":"https:\/\/aragvi.hu\/en\/wp-json\/wp\/v2\/comments?post=380"}],"version-history":[{"count":25,"href":"https:\/\/aragvi.hu\/en\/wp-json\/wp\/v2\/pages\/380\/revisions"}],"predecessor-version":[{"id":2016,"href":"https:\/\/aragvi.hu\/en\/wp-json\/wp\/v2\/pages\/380\/revisions\/2016"}],"wp:attachment":[{"href":"https:\/\/aragvi.hu\/en\/wp-json\/wp\/v2\/media?parent=380"}],"curies":[{"name":"wp","href":"https:\/\/api.w.org\/{rel}","templated":true}]}}