{"id":2005,"date":"2025-12-13T23:55:54","date_gmt":"2025-12-13T22:55:54","guid":{"rendered":"https:\/\/aragvi.hu\/en\/?page_id=2005"},"modified":"2026-01-19T17:58:44","modified_gmt":"2026-01-19T16:58:44","slug":"order-delivery","status":"publish","type":"page","link":"https:\/\/aragvi.hu\/en\/order-delivery\/","title":{"rendered":"Order Delivery"},"content":{"rendered":"<p><strong>For delivery order call us: +36 1 293 2888<\/strong><\/p>\n","protected":false},"excerpt":{"rendered":"<p>For delivery order call us: +36 1 293 2888<\/p>\n","protected":false},"author":2,"featured_media":0,"parent":0,"menu_order":0,"comment_status":"closed","ping_status":"closed","template":"page-templates\/template-full-width.php","meta":{"footnotes":""},"class_list":["post-2005","page","type-page","status-publish","hentry"],"yoast_head":"<!-- This site is optimized with the Yoast SEO plugin v26.4 - https:\/\/yoast.com\/wordpress\/plugins\/seo\/ -->\n<title>Asztalfoglal\u00e1s - Aragvi<\/title>\n<meta name=\"description\" content=\"V\u00e1runk szeretettel, Aragvi gr\u00faz \u00e9tterem\" \/>\n<meta name=\"robots\" content=\"index, follow, max-snippet:-1, max-image-preview:large, max-video-preview:-1\" \/>\n<link rel=\"canonical\" href=\"https:\/\/aragvi.hu\/en\/order-delivery\/\" \/>\n<meta property=\"og:locale\" content=\"en_US\" \/>\n<meta property=\"og:type\" content=\"article\" \/>\n<meta property=\"og:title\" content=\"Asztalfoglal\u00e1s - Aragvi\" \/>\n<meta property=\"og:description\" content=\"V\u00e1runk szeretettel, Aragvi gr\u00faz \u00e9tterem\" \/>\n<meta property=\"og:url\" content=\"https:\/\/aragvi.hu\/en\/order-delivery\/\" \/>\n<meta property=\"og:site_name\" content=\"Aragvi Gr\u00faz \u00c9tterem\" \/>\n<meta property=\"article:modified_time\" content=\"2026-01-19T16:58:44+00:00\" \/>\n<meta name=\"twitter:card\" content=\"summary_large_image\" \/>\n<meta name=\"twitter:label1\" content=\"Est. reading time\" \/>\n\t<meta name=\"twitter:data1\" content=\"1 minute\" \/>\n<script type=\"application\/ld+json\" class=\"yoast-schema-graph\">{\"@context\":\"https:\/\/schema.org\",\"@graph\":[{\"@type\":\"WebPage\",\"@id\":\"https:\/\/aragvi.hu\/en\/order-delivery\/\",\"url\":\"https:\/\/aragvi.hu\/en\/order-delivery\/\",\"name\":\"Asztalfoglal\u00e1s - Aragvi\",\"isPartOf\":{\"@id\":\"https:\/\/aragvi.hu\/en\/#website\"},\"datePublished\":\"2025-12-13T22:55:54+00:00\",\"dateModified\":\"2026-01-19T16:58:44+00:00\",\"description\":\"V\u00e1runk szeretettel, Aragvi gr\u00faz \u00e9tterem\",\"breadcrumb\":{\"@id\":\"https:\/\/aragvi.hu\/en\/order-delivery\/#breadcrumb\"},\"inLanguage\":\"en-US\",\"potentialAction\":[{\"@type\":\"ReadAction\",\"target\":[\"https:\/\/aragvi.hu\/en\/order-delivery\/\"]}]},{\"@type\":\"BreadcrumbList\",\"@id\":\"https:\/\/aragvi.hu\/en\/order-delivery\/#breadcrumb\",\"itemListElement\":[{\"@type\":\"ListItem\",\"position\":1,\"name\":\"Kezd\u0151lap\",\"item\":\"https:\/\/aragvi.hu\/en\/\"},{\"@type\":\"ListItem\",\"position\":2,\"name\":\"Order Delivery\"}]},{\"@type\":\"WebSite\",\"@id\":\"https:\/\/aragvi.hu\/en\/#website\",\"url\":\"https:\/\/aragvi.hu\/en\/\",\"name\":\"Aragvi Gr\u00faz \u00c9tterem\",\"description\":\"Georgian restaurant in Budapest, Hungary.\",\"potentialAction\":[{\"@type\":\"SearchAction\",\"target\":{\"@type\":\"EntryPoint\",\"urlTemplate\":\"https:\/\/aragvi.hu\/en\/?s={search_term_string}\"},\"query-input\":{\"@type\":\"PropertyValueSpecification\",\"valueRequired\":true,\"valueName\":\"search_term_string\"}}],\"inLanguage\":\"en-US\"}]}<\/script>\n<!-- \/ Yoast SEO plugin. -->","yoast_head_json":{"title":"Asztalfoglal\u00e1s - Aragvi","description":"V\u00e1runk szeretettel, Aragvi gr\u00faz \u00e9tterem","robots":{"index":"index","follow":"follow","max-snippet":"max-snippet:-1","max-image-preview":"max-image-preview:large","max-video-preview":"max-video-preview:-1"},"canonical":"https:\/\/aragvi.hu\/en\/order-delivery\/","og_locale":"en_US","og_type":"article","og_title":"Asztalfoglal\u00e1s - Aragvi","og_description":"V\u00e1runk szeretettel, Aragvi gr\u00faz \u00e9tterem","og_url":"https:\/\/aragvi.hu\/en\/order-delivery\/","og_site_name":"Aragvi Gr\u00faz \u00c9tterem","article_modified_time":"2026-01-19T16:58:44+00:00","twitter_card":"summary_large_image","twitter_misc":{"Est. reading time":"1 minute"},"schema":{"@context":"https:\/\/schema.org","@graph":[{"@type":"WebPage","@id":"https:\/\/aragvi.hu\/en\/order-delivery\/","url":"https:\/\/aragvi.hu\/en\/order-delivery\/","name":"Asztalfoglal\u00e1s - Aragvi","isPartOf":{"@id":"https:\/\/aragvi.hu\/en\/#website"},"datePublished":"2025-12-13T22:55:54+00:00","dateModified":"2026-01-19T16:58:44+00:00","description":"V\u00e1runk szeretettel, Aragvi gr\u00faz \u00e9tterem","breadcrumb":{"@id":"https:\/\/aragvi.hu\/en\/order-delivery\/#breadcrumb"},"inLanguage":"en-US","potentialAction":[{"@type":"ReadAction","target":["https:\/\/aragvi.hu\/en\/order-delivery\/"]}]},{"@type":"BreadcrumbList","@id":"https:\/\/aragvi.hu\/en\/order-delivery\/#breadcrumb","itemListElement":[{"@type":"ListItem","position":1,"name":"Kezd\u0151lap","item":"https:\/\/aragvi.hu\/en\/"},{"@type":"ListItem","position":2,"name":"Order Delivery"}]},{"@type":"WebSite","@id":"https:\/\/aragvi.hu\/en\/#website","url":"https:\/\/aragvi.hu\/en\/","name":"Aragvi Gr\u00faz \u00c9tterem","description":"Georgian restaurant in Budapest, Hungary.","potentialAction":[{"@type":"SearchAction","target":{"@type":"EntryPoint","urlTemplate":"https:\/\/aragvi.hu\/en\/?s={search_term_string}"},"query-input":{"@type":"PropertyValueSpecification","valueRequired":true,"valueName":"search_term_string"}}],"inLanguage":"en-US"}]}},"_links":{"self":[{"href":"https:\/\/aragvi.hu\/en\/wp-json\/wp\/v2\/pages\/2005","targetHints":{"allow":["GET"]}}],"collection":[{"href":"https:\/\/aragvi.hu\/en\/wp-json\/wp\/v2\/pages"}],"about":[{"href":"https:\/\/aragvi.hu\/en\/wp-json\/wp\/v2\/types\/page"}],"author":[{"embeddable":true,"href":"https:\/\/aragvi.hu\/en\/wp-json\/wp\/v2\/users\/2"}],"replies":[{"embeddable":true,"href":"https:\/\/aragvi.hu\/en\/wp-json\/wp\/v2\/comments?post=2005"}],"version-history":[{"count":3,"href":"https:\/\/aragvi.hu\/en\/wp-json\/wp\/v2\/pages\/2005\/revisions"}],"predecessor-version":[{"id":2092,"href":"https:\/\/aragvi.hu\/en\/wp-json\/wp\/v2\/pages\/2005\/revisions\/2092"}],"wp:attachment":[{"href":"https:\/\/aragvi.hu\/en\/wp-json\/wp\/v2\/media?parent=2005"}],"curies":[{"name":"wp","href":"https:\/\/api.w.org\/{rel}","templated":true}]}}